{"id":10061,"date":"2024-07-01T13:27:17","date_gmt":"2024-07-01T13:27:17","guid":{"rendered":"https:\/\/angro.globos.md\/product\/set-farfurii-din-hartie-stea-18-cm-auriu-6-buc\/"},"modified":"2025-11-17T11:36:56","modified_gmt":"2025-11-17T11:36:56","slug":"set-farfurii-din-hartie-stea-18-cm-auriu-6-buc","status":"publish","type":"product","link":"https:\/\/angro.globos.md\/ru\/product\/set-farfurii-din-hartie-stea-18-cm-auriu-6-buc\/","title":{"rendered":"\u041d\u0430\u0431\u043e\u0440 \u0431\u0443\u043c\u0430\u0436\u043d\u044b\u0445 \u0442\u0430\u0440\u0435\u043b\u043e\u043a \u0417\u0432\u0435\u0437\u0434\u0430 18 \u0441\u043c \u0437\u043e\u043b\u043e\u0442\u043e, 6 \u0448\u0442"},"content":{"rendered":"<p>Farfuriile \u0219i paharele de pe masa de s\u0103rb\u0103toare joac\u0103 un rol esen\u021bial \u00een preg\u0103tirea unui eveniment, asigur\u00e2ndu-ne c\u0103 fiecare ocazie devine memorabil\u0103 \u0219i special\u0103.  Ele nu doar c\u0103 vor aduce o dispozi\u021bie minunat\u0103, dar vor \u0219i decora frumos orice mas\u0103, transform\u00e2nd-o \u00eentr-un punct central al petrecerii. Aleg\u00eend tematica potrivit\u0103 cu aceste seturi crea\u021bi o atmonsfer\u0103 de s\u0103rb\u0103toare plin\u0103 de culoare  dar \u0219i o estetic\u0103 frumoas\u0103 a petrecirii.<\/p>","protected":false},"excerpt":{"rendered":"<p>Decorul joac\u0103 un rol esen\u021bial \u00een preg\u0103tirea unui eveniment, asigur\u00e2ndu-ne c\u0103 fiecare ocazie devine memorabil\u0103 \u0219i special\u0103. Aceste farfurii nu doar c\u0103 vor aduce o dispozi\u021bie minunat\u0103, dar vor \u0219i decora frumos orice mas\u0103, transform\u00e2nd-o \u00eentr-un punct central al petrecerii.<\/p>","protected":false},"featured_media":0,"comment_status":"open","ping_status":"closed","template":"","meta":{"_acf_changed":false,"_seopress_robots_primary_cat":"","_seopress_titles_title":"","_seopress_titles_desc":"","_seopress_robots_index":"","inline_featured_image":false},"product_brand":[],"product_cat":[847,940],"product_tag":[],"class_list":{"0":"post-10061","1":"product","2":"type-product","3":"status-publish","5":"product_cat-setarea-mesei","6":"product_cat-pahare-pentru-petreceri","8":"first","9":"instock","10":"shipping-taxable","11":"product-type-simple"},"acf":[],"jetpack_sharing_enabled":true,"_links":{"self":[{"href":"https:\/\/angro.globos.md\/ru\/wp-json\/wp\/v2\/product\/10061","targetHints":{"allow":["GET"]}}],"collection":[{"href":"https:\/\/angro.globos.md\/ru\/wp-json\/wp\/v2\/product"}],"about":[{"href":"https:\/\/angro.globos.md\/ru\/wp-json\/wp\/v2\/types\/product"}],"replies":[{"embeddable":true,"href":"https:\/\/angro.globos.md\/ru\/wp-json\/wp\/v2\/comments?post=10061"}],"version-history":[{"count":1,"href":"https:\/\/angro.globos.md\/ru\/wp-json\/wp\/v2\/product\/10061\/revisions"}],"predecessor-version":[{"id":31566,"href":"https:\/\/angro.globos.md\/ru\/wp-json\/wp\/v2\/product\/10061\/revisions\/31566"}],"wp:attachment":[{"href":"https:\/\/angro.globos.md\/ru\/wp-json\/wp\/v2\/media?parent=10061"}],"wp:term":[{"taxonomy":"product_brand","embeddable":true,"href":"https:\/\/angro.globos.md\/ru\/wp-json\/wp\/v2\/product_brand?post=10061"},{"taxonomy":"product_cat","embeddable":true,"href":"https:\/\/angro.globos.md\/ru\/wp-json\/wp\/v2\/product_cat?post=10061"},{"taxonomy":"product_tag","embeddable":true,"href":"https:\/\/angro.globos.md\/ru\/wp-json\/wp\/v2\/product_tag?post=10061"}],"curies":[{"name":"wp","href":"https:\/\/api.w.org\/{rel}","templated":true}]}}