{"id":10090,"date":"2024-07-01T13:27:25","date_gmt":"2024-07-01T13:27:25","guid":{"rendered":"https:\/\/angro.globos.md\/product\/set-de-paie-aurii-cu-stele-195-cm-10-buc\/"},"modified":"2025-11-17T11:37:18","modified_gmt":"2025-11-17T11:37:18","slug":"set-de-paie-aurii-cu-stele-195-cm-10-buc","status":"publish","type":"product","link":"https:\/\/angro.globos.md\/ru\/product\/set-de-paie-aurii-cu-stele-195-cm-10-buc\/","title":{"rendered":"\u041d\u0430\u0431\u043e\u0440 \u0442\u0440\u0443\u0431\u043e\u0447\u0435\u043a \u0437\u043e\u043b\u043e\u0442\u044b\u0435 \u0441\u043e \u0437\u0432\u0435\u0437\u0434\u0430\u043c\u0438 19,5 \u0441\u043c, 10 \u0448\u0442"},"content":{"rendered":"<p>Paiele de h\u00e2rtiei vor oferi o dispozi\u021bie minunat\u0103 \u0219i vor decora orice mas\u0103 de s\u0103rb\u0103toare. Combinate cu alte elemente precum farfuriile \u0219i paharele de h\u00eertie , pute\u021bi gasi setul potrivit pentru un aranjament estetic minunat. Ele fiind in diverse culori \u0219i cu diferite uzoare ne ofer\u0103 o alegere mai mare.<\/p>","protected":false},"excerpt":{"rendered":"<p>Decorul joac\u0103 un rol esen\u021bial \u00een preg\u0103tirea unui eveniment, asigur\u00e2ndu-ne c\u0103 fiecare ocazie devine memorabil\u0103 \u0219i special\u0103. Lum\u00e2n\u0103rile decorative adaug\u0103 un touch original deserturilor festive \u0219i completeaz\u0103 perfect decorul oric\u0103rei s\u0103rb\u0103tori.<\/p>","protected":false},"featured_media":23773,"comment_status":"open","ping_status":"closed","template":"","meta":{"_acf_changed":false,"_seopress_robots_primary_cat":"","_seopress_titles_title":"","_seopress_titles_desc":"","_seopress_robots_index":"","inline_featured_image":false},"product_brand":[],"product_cat":[847,941],"product_tag":[],"class_list":{"0":"post-10090","1":"product","2":"type-product","3":"status-publish","4":"has-post-thumbnail","6":"product_cat-setarea-mesei","7":"product_cat-paie-pentru-bauturi","9":"first","10":"instock","11":"shipping-taxable","12":"product-type-simple"},"acf":[],"jetpack_sharing_enabled":true,"_links":{"self":[{"href":"https:\/\/angro.globos.md\/ru\/wp-json\/wp\/v2\/product\/10090","targetHints":{"allow":["GET"]}}],"collection":[{"href":"https:\/\/angro.globos.md\/ru\/wp-json\/wp\/v2\/product"}],"about":[{"href":"https:\/\/angro.globos.md\/ru\/wp-json\/wp\/v2\/types\/product"}],"replies":[{"embeddable":true,"href":"https:\/\/angro.globos.md\/ru\/wp-json\/wp\/v2\/comments?post=10090"}],"version-history":[{"count":2,"href":"https:\/\/angro.globos.md\/ru\/wp-json\/wp\/v2\/product\/10090\/revisions"}],"predecessor-version":[{"id":31595,"href":"https:\/\/angro.globos.md\/ru\/wp-json\/wp\/v2\/product\/10090\/revisions\/31595"}],"wp:featuredmedia":[{"embeddable":true,"href":"https:\/\/angro.globos.md\/ru\/wp-json\/wp\/v2\/media\/23773"}],"wp:attachment":[{"href":"https:\/\/angro.globos.md\/ru\/wp-json\/wp\/v2\/media?parent=10090"}],"wp:term":[{"taxonomy":"product_brand","embeddable":true,"href":"https:\/\/angro.globos.md\/ru\/wp-json\/wp\/v2\/product_brand?post=10090"},{"taxonomy":"product_cat","embeddable":true,"href":"https:\/\/angro.globos.md\/ru\/wp-json\/wp\/v2\/product_cat?post=10090"},{"taxonomy":"product_tag","embeddable":true,"href":"https:\/\/angro.globos.md\/ru\/wp-json\/wp\/v2\/product_tag?post=10090"}],"curies":[{"name":"wp","href":"https:\/\/api.w.org\/{rel}","templated":true}]}}