{"id":10101,"date":"2024-07-01T13:27:28","date_gmt":"2024-07-01T13:27:28","guid":{"rendered":"https:\/\/angro.globos.md\/product\/figurina-din-hartie-sfera-20-cm-alb\/"},"modified":"2025-11-17T11:37:25","modified_gmt":"2025-11-17T11:37:25","slug":"figurina-din-hartie-sfera-20-cm-alb","status":"publish","type":"product","link":"https:\/\/angro.globos.md\/ru\/product\/figurina-din-hartie-sfera-20-cm-alb\/","title":{"rendered":"\u0424\u0438\u0433\u0443\u0440\u0430 \u0431\u0443\u043c\u0430\u0436\u043d\u0430\u044f \u0428\u0430\u0440 20 \u0441\u043c, \u0431\u0435\u043b\u044b\u0439"},"content":{"rendered":"<p>Ploi\u021ba decorativ\u0103, banerele \u0219i ghirlandele din h\u00eertie  ne ofer\u0103 minunata posibilitate de a decora zona pentru poze sau \u00eenc\u0103perea unde urmeaz\u0103 un eveniment. Gama larg\u0103 \u0219i asortimentul divers cu tematicile zilei de na\u0219tere, gender party sau pentru oricare alt\u0103 s\u0103rb\u0103toare. Decora\u021bia care ofer\u0103 evenimentului un farmec deosebit \u0219i creeaz\u0103 o atmonsfer\u0103 care r\u0103m\u00eene \u0103n amintire pentru mult timp.<\/p>","protected":false},"excerpt":{"rendered":"<p>Decorul joac\u0103 un rol esen\u021bial \u00een preg\u0103tirea unui eveniment, asigur\u00e2ndu-ne c\u0103 fiecare ocazie devine memorabil\u0103 \u0219i special\u0103. Lum\u00e2n\u0103rile decorative adaug\u0103 un touch original deserturilor festive \u0219i completeaz\u0103 perfect decorul oric\u0103rei s\u0103rb\u0103tori.<\/p>","protected":false},"featured_media":23784,"comment_status":"open","ping_status":"closed","template":"","meta":{"_acf_changed":false,"_seopress_robots_primary_cat":"","_seopress_titles_title":"","_seopress_titles_desc":"","_seopress_robots_index":"","inline_featured_image":false},"product_brand":[],"product_cat":[891,942],"product_tag":[],"class_list":{"0":"post-10101","1":"product","2":"type-product","3":"status-publish","4":"has-post-thumbnail","6":"product_cat-articole-de-sarbatori","7":"product_cat-rozete-lampioane-pompoane","9":"first","10":"instock","11":"shipping-taxable","12":"product-type-simple"},"acf":[],"jetpack_sharing_enabled":true,"_links":{"self":[{"href":"https:\/\/angro.globos.md\/ru\/wp-json\/wp\/v2\/product\/10101","targetHints":{"allow":["GET"]}}],"collection":[{"href":"https:\/\/angro.globos.md\/ru\/wp-json\/wp\/v2\/product"}],"about":[{"href":"https:\/\/angro.globos.md\/ru\/wp-json\/wp\/v2\/types\/product"}],"replies":[{"embeddable":true,"href":"https:\/\/angro.globos.md\/ru\/wp-json\/wp\/v2\/comments?post=10101"}],"version-history":[{"count":2,"href":"https:\/\/angro.globos.md\/ru\/wp-json\/wp\/v2\/product\/10101\/revisions"}],"predecessor-version":[{"id":31606,"href":"https:\/\/angro.globos.md\/ru\/wp-json\/wp\/v2\/product\/10101\/revisions\/31606"}],"wp:featuredmedia":[{"embeddable":true,"href":"https:\/\/angro.globos.md\/ru\/wp-json\/wp\/v2\/media\/23784"}],"wp:attachment":[{"href":"https:\/\/angro.globos.md\/ru\/wp-json\/wp\/v2\/media?parent=10101"}],"wp:term":[{"taxonomy":"product_brand","embeddable":true,"href":"https:\/\/angro.globos.md\/ru\/wp-json\/wp\/v2\/product_brand?post=10101"},{"taxonomy":"product_cat","embeddable":true,"href":"https:\/\/angro.globos.md\/ru\/wp-json\/wp\/v2\/product_cat?post=10101"},{"taxonomy":"product_tag","embeddable":true,"href":"https:\/\/angro.globos.md\/ru\/wp-json\/wp\/v2\/product_tag?post=10101"}],"curies":[{"name":"wp","href":"https:\/\/api.w.org\/{rel}","templated":true}]}}