{"id":14910,"date":"2024-09-02T13:14:22","date_gmt":"2024-09-02T13:14:22","guid":{"rendered":"https:\/\/angro.globos.md\/product\/balon-din-folie-cerc-46-cm-18-%d0%bc%d0%be%d0%b9-%d0%bf%d0%b0%d0%bf%d0%b0-%d0%bb%d1%83%d1%87%d1%88%d0%b5-%d0%b2%d1%81%d0%b5%d1%85\/"},"modified":"2025-11-17T11:39:37","modified_gmt":"2025-11-17T11:39:37","slug":"balon-din-folie-cerc-46-cm-18-%d0%bc%d0%be%d0%b9-%d0%bf%d0%b0%d0%bf%d0%b0-%d0%bb%d1%83%d1%87%d1%88%d0%b5-%d0%b2%d1%81%d0%b5%d1%85","status":"publish","type":"product","link":"https:\/\/angro.globos.md\/ru\/product\/balon-din-folie-cerc-46-cm-18-%d0%bc%d0%be%d0%b9-%d0%bf%d0%b0%d0%bf%d0%b0-%d0%bb%d1%83%d1%87%d1%88%d0%b5-%d0%b2%d1%81%d0%b5%d1%85\/","title":{"rendered":"\u0424\u043e\u043b\u044c\u0433\u0438\u0440\u043e\u0432\u0430\u043d\u043d\u044b\u0439 \u0448\u0430\u0440 \u041a\u0440\u0443\u0433 46 \u0441\u043c (18\u2033) \u041c\u043e\u0439 \u043f\u0430\u043f\u0430 \u0441\u0430\u043c\u044b\u0439 \u043b\u0443\u0447\u0448\u0438\u0439"},"content":{"rendered":"<p>Captivind atentia tuturor, spectaculosul balonul din  folie va fi o alegere mai mult ca perfecta  pentru evenimentele tematice sau anivers\u0103rile copiilor, acest balon ofer\u0103 o not\u0103 juc\u0103u\u0219\u0103 \u0219i fermec\u0103toare. Realizat din folie de calitate, este perfect pentru a crea un decor plin de culoare \u0219i veselie.<\/p>","protected":false},"excerpt":{"rendered":"<p>Captivind atentia tuturor, spectaculosul balonul din folie va fi o alegere mai mult ca perfecta pentru evenimentele tematice sau anivers\u0103rile copiilor, acest balon ofer\u0103 o not\u0103 juc\u0103u\u0219\u0103 \u0219i fermec\u0103toare. Realizat<\/p>","protected":false},"featured_media":29886,"comment_status":"open","ping_status":"closed","template":"","meta":{"_acf_changed":false,"_seopress_robots_primary_cat":"none","_seopress_titles_title":"","_seopress_titles_desc":"","_seopress_robots_index":"","inline_featured_image":false},"product_brand":[],"product_cat":[1127,415,838],"product_tag":[],"class_list":{"0":"post-14910","1":"product","2":"type-product","3":"status-publish","4":"has-post-thumbnail","6":"product_cat-cercuri-cu-imprimare","7":"product_cat-baloane-folie","8":"product_cat-folie-cu-imprimare","10":"first","11":"instock","12":"shipping-taxable","13":"product-type-simple"},"acf":[],"jetpack_sharing_enabled":true,"_links":{"self":[{"href":"https:\/\/angro.globos.md\/ru\/wp-json\/wp\/v2\/product\/14910","targetHints":{"allow":["GET"]}}],"collection":[{"href":"https:\/\/angro.globos.md\/ru\/wp-json\/wp\/v2\/product"}],"about":[{"href":"https:\/\/angro.globos.md\/ru\/wp-json\/wp\/v2\/types\/product"}],"replies":[{"embeddable":true,"href":"https:\/\/angro.globos.md\/ru\/wp-json\/wp\/v2\/comments?post=14910"}],"version-history":[{"count":2,"href":"https:\/\/angro.globos.md\/ru\/wp-json\/wp\/v2\/product\/14910\/revisions"}],"predecessor-version":[{"id":31775,"href":"https:\/\/angro.globos.md\/ru\/wp-json\/wp\/v2\/product\/14910\/revisions\/31775"}],"wp:featuredmedia":[{"embeddable":true,"href":"https:\/\/angro.globos.md\/ru\/wp-json\/wp\/v2\/media\/29886"}],"wp:attachment":[{"href":"https:\/\/angro.globos.md\/ru\/wp-json\/wp\/v2\/media?parent=14910"}],"wp:term":[{"taxonomy":"product_brand","embeddable":true,"href":"https:\/\/angro.globos.md\/ru\/wp-json\/wp\/v2\/product_brand?post=14910"},{"taxonomy":"product_cat","embeddable":true,"href":"https:\/\/angro.globos.md\/ru\/wp-json\/wp\/v2\/product_cat?post=14910"},{"taxonomy":"product_tag","embeddable":true,"href":"https:\/\/angro.globos.md\/ru\/wp-json\/wp\/v2\/product_tag?post=14910"}],"curies":[{"name":"wp","href":"https:\/\/api.w.org\/{rel}","templated":true}]}}