{"id":15633,"date":"2024-09-24T07:30:12","date_gmt":"2024-09-24T07:30:12","guid":{"rendered":"https:\/\/angro.globos.md\/product\/servetele-hartie-33x33cm-roz-cu-buline-aurii\/"},"modified":"2025-11-17T11:42:48","modified_gmt":"2025-11-17T11:42:48","slug":"servetele-hartie-33x33cm-roz-cu-buline-aurii","status":"publish","type":"product","link":"https:\/\/angro.globos.md\/ru\/product\/servetele-hartie-33x33cm-roz-cu-buline-aurii\/","title":{"rendered":"Servetele hartie 33x33cm, roz cu buline aurii"},"content":{"rendered":"<p>\u0218erve\u021belele decorative din h\u00eertie adaug\u0103 o not\u0103 de elegan\u021b\u0103 \u0219i stil oric\u0103rii mese festive. Asortimentul bogat ne ofer\u0103 posibilittea de a combina esteticul cu func\u021bionalitatea lor. Fine la atingere \u0219i o h\u00eertie de calitate superioara, cu diferite tematici cum ar fi eroii prefera\u021bi din desenele animate, jocuri \u0219i pentru zile de na\u0219tere.<\/p>","protected":false},"excerpt":{"rendered":"<p>\u0218erve\u021belele decorative din h\u00eertie adaug\u0103 o not\u0103 de elegan\u021b\u0103 \u0219i stil oric\u0103rii mese festive. Asortimentul bogat ne ofer\u0103 posibilittea de a combina esteticul cu func\u021bionalitatea lor. Fine la atingere \u0219i<\/p>","protected":false},"featured_media":24191,"comment_status":"open","ping_status":"closed","template":"","meta":{"_acf_changed":false,"_seopress_robots_primary_cat":"","_seopress_titles_title":"","_seopress_titles_desc":"","_seopress_robots_index":"","inline_featured_image":false},"product_brand":[],"product_cat":[891,957],"product_tag":[],"class_list":{"0":"post-15633","1":"product","2":"type-product","3":"status-publish","4":"has-post-thumbnail","6":"product_cat-articole-de-sarbatori","7":"product_cat-servetele-hartie","9":"first","10":"instock","11":"shipping-taxable","12":"product-type-simple"},"acf":[],"jetpack_sharing_enabled":true,"_links":{"self":[{"href":"https:\/\/angro.globos.md\/ru\/wp-json\/wp\/v2\/product\/15633","targetHints":{"allow":["GET"]}}],"collection":[{"href":"https:\/\/angro.globos.md\/ru\/wp-json\/wp\/v2\/product"}],"about":[{"href":"https:\/\/angro.globos.md\/ru\/wp-json\/wp\/v2\/types\/product"}],"replies":[{"embeddable":true,"href":"https:\/\/angro.globos.md\/ru\/wp-json\/wp\/v2\/comments?post=15633"}],"version-history":[{"count":2,"href":"https:\/\/angro.globos.md\/ru\/wp-json\/wp\/v2\/product\/15633\/revisions"}],"predecessor-version":[{"id":32020,"href":"https:\/\/angro.globos.md\/ru\/wp-json\/wp\/v2\/product\/15633\/revisions\/32020"}],"wp:featuredmedia":[{"embeddable":true,"href":"https:\/\/angro.globos.md\/ru\/wp-json\/wp\/v2\/media\/24191"}],"wp:attachment":[{"href":"https:\/\/angro.globos.md\/ru\/wp-json\/wp\/v2\/media?parent=15633"}],"wp:term":[{"taxonomy":"product_brand","embeddable":true,"href":"https:\/\/angro.globos.md\/ru\/wp-json\/wp\/v2\/product_brand?post=15633"},{"taxonomy":"product_cat","embeddable":true,"href":"https:\/\/angro.globos.md\/ru\/wp-json\/wp\/v2\/product_cat?post=15633"},{"taxonomy":"product_tag","embeddable":true,"href":"https:\/\/angro.globos.md\/ru\/wp-json\/wp\/v2\/product_tag?post=15633"}],"curies":[{"name":"wp","href":"https:\/\/api.w.org\/{rel}","templated":true}]}}