{"id":15646,"date":"2024-09-24T07:30:14","date_gmt":"2024-09-24T07:30:14","guid":{"rendered":"https:\/\/angro.globos.md\/product\/lumanare-pentru-tort-cifra-6-argintiu-7-cm\/"},"modified":"2025-11-17T11:42:58","modified_gmt":"2025-11-17T11:42:58","slug":"lumanare-pentru-tort-cifra-6-argintiu-7-cm","status":"publish","type":"product","link":"https:\/\/angro.globos.md\/ru\/product\/lumanare-pentru-tort-cifra-6-argintiu-7-cm\/","title":{"rendered":"Lumanare pentru tort Cifra 6 argintiu 7 cm"},"content":{"rendered":"<p>Lum\u00een\u0103rile decorative sunt un accesoriu elegant pentru torta de s\u0103rb\u0103toare, aduc\u00eend o not\u0103 de rafinament sau culoare pentru orice estetic\u0103. Fiind de diferite forme culori \u0219i dimensiuni ele au misiunea de a crea o atmonsfer\u0103 special\u0103. Lum\u00een\u0103rile noastre sunt cea mai bun\u0103 alegere pentru \u00eencheierea  s\u0103rbatoarilor dumneavoastre cu un desert nu doar dulce dar \u0219i cu o atmonsfer\u0103 deosebit de minunat\u0103.<\/p>","protected":false},"excerpt":{"rendered":"<p>Lum\u00een\u0103rile decorative sunt un accesoriu elegant pentru torta de s\u0103rb\u0103toare, aduc\u00eend o not\u0103 de rafinament sau culoare pentru orice estetic\u0103. Fiind de diferite forme culori \u0219i dimensiuni ele au misiunea<\/p>","protected":false},"featured_media":24204,"comment_status":"open","ping_status":"closed","template":"","meta":{"_acf_changed":false,"_seopress_robots_primary_cat":"","_seopress_titles_title":"","_seopress_titles_desc":"","_seopress_robots_index":"","inline_featured_image":false},"product_brand":[],"product_cat":[847,859],"product_tag":[],"class_list":{"0":"post-15646","1":"product","2":"type-product","3":"status-publish","4":"has-post-thumbnail","6":"product_cat-setarea-mesei","7":"product_cat-lumanari-pentru-tort-setarea-mesei-11","9":"first","10":"instock","11":"shipping-taxable","12":"product-type-simple"},"acf":[],"jetpack_sharing_enabled":true,"_links":{"self":[{"href":"https:\/\/angro.globos.md\/ru\/wp-json\/wp\/v2\/product\/15646","targetHints":{"allow":["GET"]}}],"collection":[{"href":"https:\/\/angro.globos.md\/ru\/wp-json\/wp\/v2\/product"}],"about":[{"href":"https:\/\/angro.globos.md\/ru\/wp-json\/wp\/v2\/types\/product"}],"replies":[{"embeddable":true,"href":"https:\/\/angro.globos.md\/ru\/wp-json\/wp\/v2\/comments?post=15646"}],"version-history":[{"count":2,"href":"https:\/\/angro.globos.md\/ru\/wp-json\/wp\/v2\/product\/15646\/revisions"}],"predecessor-version":[{"id":32033,"href":"https:\/\/angro.globos.md\/ru\/wp-json\/wp\/v2\/product\/15646\/revisions\/32033"}],"wp:featuredmedia":[{"embeddable":true,"href":"https:\/\/angro.globos.md\/ru\/wp-json\/wp\/v2\/media\/24204"}],"wp:attachment":[{"href":"https:\/\/angro.globos.md\/ru\/wp-json\/wp\/v2\/media?parent=15646"}],"wp:term":[{"taxonomy":"product_brand","embeddable":true,"href":"https:\/\/angro.globos.md\/ru\/wp-json\/wp\/v2\/product_brand?post=15646"},{"taxonomy":"product_cat","embeddable":true,"href":"https:\/\/angro.globos.md\/ru\/wp-json\/wp\/v2\/product_cat?post=15646"},{"taxonomy":"product_tag","embeddable":true,"href":"https:\/\/angro.globos.md\/ru\/wp-json\/wp\/v2\/product_tag?post=15646"}],"curies":[{"name":"wp","href":"https:\/\/api.w.org\/{rel}","templated":true}]}}