{"id":15721,"date":"2024-09-24T07:30:45","date_gmt":"2024-09-24T07:30:45","guid":{"rendered":"https:\/\/angro.globos.md\/product\/balon-din-folie-cerc-unicorn-45-cm-18%e2%80%b3-rose\/"},"modified":"2025-11-17T12:48:52","modified_gmt":"2025-11-17T12:48:52","slug":"balon-din-folie-cerc-unicorn-45-cm-18%e2%80%b3-rose","status":"publish","type":"product","link":"https:\/\/angro.globos.md\/ru\/product\/balon-din-folie-cerc-unicorn-45-cm-18%e2%80%b3-rose\/","title":{"rendered":"\u0424\u043e\u043b\u044c\u0433\u0438\u0440\u043e\u0432\u0430\u043d\u043d\u044b\u0439 \u0432\u043e\u0437\u0434\u0443\u0448\u043d\u044b\u0439 \u0448\u0430\u0440 Barbie Circle 45 \u0441\u043c (18\u2033)"},"content":{"rendered":"<p>Captivind atentia tuturor, spectaculosul balonul din folie va fi o alegere mai mult ca perfecta pentru evenimentele tematice sau anivers\u0103rile copiilor, acest balon ofer\u0103 o not\u0103 juc\u0103u\u0219\u0103 \u0219i fermec\u0103toare. Realizat din folie de calitate, este perfect pentru a crea un decor plin de culoare \u0219i veselie.<\/p>","protected":false},"excerpt":{"rendered":"<p>Captivind atentia tuturor, spectaculosul balonul din folie va fi o alegere mai mult ca perfecta pentru evenimentele tematice sau anivers\u0103rile copiilor, acest balon ofer\u0103 o not\u0103 juc\u0103u\u0219\u0103 \u0219i fermec\u0103toare. Realizat<\/p>","protected":false},"featured_media":26962,"comment_status":"open","ping_status":"closed","template":"","meta":{"_acf_changed":false,"_seopress_robots_primary_cat":"1127","_seopress_titles_title":"","_seopress_titles_desc":"","_seopress_robots_index":"","inline_featured_image":false},"product_brand":[],"product_cat":[1127,415,838],"product_tag":[],"class_list":{"0":"post-15721","1":"product","2":"type-product","3":"status-publish","4":"has-post-thumbnail","6":"product_cat-cercuri-cu-imprimare","7":"product_cat-baloane-folie","8":"product_cat-folie-cu-imprimare","10":"first","11":"instock","12":"shipping-taxable","13":"product-type-simple"},"acf":[],"jetpack_sharing_enabled":true,"_links":{"self":[{"href":"https:\/\/angro.globos.md\/ru\/wp-json\/wp\/v2\/product\/15721","targetHints":{"allow":["GET"]}}],"collection":[{"href":"https:\/\/angro.globos.md\/ru\/wp-json\/wp\/v2\/product"}],"about":[{"href":"https:\/\/angro.globos.md\/ru\/wp-json\/wp\/v2\/types\/product"}],"replies":[{"embeddable":true,"href":"https:\/\/angro.globos.md\/ru\/wp-json\/wp\/v2\/comments?post=15721"}],"version-history":[{"count":3,"href":"https:\/\/angro.globos.md\/ru\/wp-json\/wp\/v2\/product\/15721\/revisions"}],"predecessor-version":[{"id":32107,"href":"https:\/\/angro.globos.md\/ru\/wp-json\/wp\/v2\/product\/15721\/revisions\/32107"}],"wp:featuredmedia":[{"embeddable":true,"href":"https:\/\/angro.globos.md\/ru\/wp-json\/wp\/v2\/media\/26962"}],"wp:attachment":[{"href":"https:\/\/angro.globos.md\/ru\/wp-json\/wp\/v2\/media?parent=15721"}],"wp:term":[{"taxonomy":"product_brand","embeddable":true,"href":"https:\/\/angro.globos.md\/ru\/wp-json\/wp\/v2\/product_brand?post=15721"},{"taxonomy":"product_cat","embeddable":true,"href":"https:\/\/angro.globos.md\/ru\/wp-json\/wp\/v2\/product_cat?post=15721"},{"taxonomy":"product_tag","embeddable":true,"href":"https:\/\/angro.globos.md\/ru\/wp-json\/wp\/v2\/product_tag?post=15721"}],"curies":[{"name":"wp","href":"https:\/\/api.w.org\/{rel}","templated":true}]}}