{"id":28109,"date":"2025-04-07T13:00:38","date_gmt":"2025-04-07T13:00:38","guid":{"rendered":"https:\/\/angro.globos.md\/product\/balon-latex-pastel-43-cm-18-trandafir-salbatic-sb\/"},"modified":"2025-11-17T11:49:58","modified_gmt":"2025-11-17T11:49:58","slug":"balon-latex-pastel-43-cm-18-trandafir-salbatic-sb","status":"publish","type":"product","link":"https:\/\/angro.globos.md\/ru\/product\/balon-latex-pastel-43-cm-18-trandafir-salbatic-sb\/","title":{"rendered":"Balon latex Pastel 43 cm (18&#8243;) Trandafir salbatic, SB"},"content":{"rendered":"<p>Transform\u0103 fiecare eveniment \u00eentr-o poveste colorat\u0103 cu baloanele decorative din latex. Ele sunt realizate din mateliale de calitate iar acestea ofer\u0103 culori intense, luciu pl\u0103cut \u0219i o rezisten\u021b\u0103 minunat\u0103. Baloanele sunt disponibie \u00een diferite dimensiuni, nuan\u021be \u0219i modele, inclusiv cu texte tematice, cifre, inimi, stelu\u021be, anim\u0103lute \u0219i multe alte modele. Se potrivesc perfect pentru orice decor, de la petrecere pentru copii, la anivers\u0103ri elegante sau evenimente tematice. Aleg\u00eend combina\u021biile perfecte po\u021bi crea o compozi\u021bie minunat\u0103 care va remarca s\u0103rb\u0103toare \u0219i va oferi o atmonsfer\u0103 pl\u0103cut\u0103.<\/p>","protected":false},"excerpt":{"rendered":"<p>Transform\u0103 fiecare eveniment \u00eentr-o poveste colorat\u0103 cu baloanele decorative din latex. Ele sunt realizate din mateliale de calitate iar acestea ofer\u0103 culori intense, luciu pl\u0103cut \u0219i o rezisten\u021b\u0103 minunat\u0103. Baloanele<\/p>","protected":false},"featured_media":28183,"comment_status":"open","ping_status":"closed","template":"","meta":{"_acf_changed":false,"_seopress_robots_primary_cat":"","_seopress_titles_title":"","_seopress_titles_desc":"","_seopress_robots_index":"","inline_featured_image":false},"product_brand":[],"product_cat":[898,918],"product_tag":[],"class_list":{"0":"post-28109","1":"product","2":"type-product","3":"status-publish","4":"has-post-thumbnail","6":"product_cat-baloane-din-latex","7":"product_cat-baloane-fara-imprimare-baloane-din-latex-19","9":"first","10":"instock","11":"shipping-taxable","12":"product-type-simple"},"acf":[],"jetpack_sharing_enabled":true,"_links":{"self":[{"href":"https:\/\/angro.globos.md\/ru\/wp-json\/wp\/v2\/product\/28109","targetHints":{"allow":["GET"]}}],"collection":[{"href":"https:\/\/angro.globos.md\/ru\/wp-json\/wp\/v2\/product"}],"about":[{"href":"https:\/\/angro.globos.md\/ru\/wp-json\/wp\/v2\/types\/product"}],"replies":[{"embeddable":true,"href":"https:\/\/angro.globos.md\/ru\/wp-json\/wp\/v2\/comments?post=28109"}],"version-history":[{"count":2,"href":"https:\/\/angro.globos.md\/ru\/wp-json\/wp\/v2\/product\/28109\/revisions"}],"predecessor-version":[{"id":32554,"href":"https:\/\/angro.globos.md\/ru\/wp-json\/wp\/v2\/product\/28109\/revisions\/32554"}],"wp:featuredmedia":[{"embeddable":true,"href":"https:\/\/angro.globos.md\/ru\/wp-json\/wp\/v2\/media\/28183"}],"wp:attachment":[{"href":"https:\/\/angro.globos.md\/ru\/wp-json\/wp\/v2\/media?parent=28109"}],"wp:term":[{"taxonomy":"product_brand","embeddable":true,"href":"https:\/\/angro.globos.md\/ru\/wp-json\/wp\/v2\/product_brand?post=28109"},{"taxonomy":"product_cat","embeddable":true,"href":"https:\/\/angro.globos.md\/ru\/wp-json\/wp\/v2\/product_cat?post=28109"},{"taxonomy":"product_tag","embeddable":true,"href":"https:\/\/angro.globos.md\/ru\/wp-json\/wp\/v2\/product_tag?post=28109"}],"curies":[{"name":"wp","href":"https:\/\/api.w.org\/{rel}","templated":true}]}}