{"id":30182,"date":"2025-10-07T10:08:19","date_gmt":"2025-10-07T10:08:19","guid":{"rendered":"https:\/\/angro.globos.md\/?post_type=product&#038;p=30182"},"modified":"2025-11-17T11:54:19","modified_gmt":"2025-11-17T11:54:19","slug":"balon-folie-inima-cu-print-45-cm-18gabbys-dollhouse-pd","status":"publish","type":"product","link":"https:\/\/angro.globos.md\/ru\/product\/balon-folie-inima-cu-print-45-cm-18gabbys-dollhouse-pd\/","title":{"rendered":"Balon folie inim\u0103 cu print, 45 cm (18&#8243;),Gabby&#8217;s Dollhouse PD"},"content":{"rendered":"<p>Captivind atentia tuturor, spectaculosul balonul din  folie va fi o alegere mai mult ca perfecta  pentru evenimentele tematice sau anivers\u0103rile copiilor, acest balon ofer\u0103 o not\u0103 juc\u0103u\u0219\u0103 \u0219i fermec\u0103toare. Realizat din folie de calitate, este perfect pentru a crea un decor plin de culoare \u0219i veselie.<\/p>","protected":false},"excerpt":{"rendered":"<p>Captivind atentia tuturor, spectaculosul balonul din folie va fi o alegere mai mult ca perfecta pentru evenimentele tematice sau anivers\u0103rile copiilor, acest balon ofer\u0103 o not\u0103 juc\u0103u\u0219\u0103 \u0219i fermec\u0103toare. Realizat<\/p>","protected":false},"featured_media":30183,"comment_status":"open","ping_status":"closed","template":"","meta":{"_acf_changed":false,"_seopress_robots_primary_cat":"none","_seopress_titles_title":"Balon folie inim\u0103 cu print, 45 cm (18\"),Gabby's Dollhouse PD","_seopress_titles_desc":"","_seopress_robots_index":"","inline_featured_image":false},"product_brand":[],"product_cat":[1128,415,838],"product_tag":[],"class_list":{"0":"post-30182","1":"product","2":"type-product","3":"status-publish","4":"has-post-thumbnail","6":"product_cat-inimi-cu-imprimare","7":"product_cat-baloane-folie","8":"product_cat-folie-cu-imprimare","10":"first","11":"instock","12":"shipping-taxable","13":"product-type-simple"},"acf":[],"jetpack_sharing_enabled":true,"_links":{"self":[{"href":"https:\/\/angro.globos.md\/ru\/wp-json\/wp\/v2\/product\/30182","targetHints":{"allow":["GET"]}}],"collection":[{"href":"https:\/\/angro.globos.md\/ru\/wp-json\/wp\/v2\/product"}],"about":[{"href":"https:\/\/angro.globos.md\/ru\/wp-json\/wp\/v2\/types\/product"}],"replies":[{"embeddable":true,"href":"https:\/\/angro.globos.md\/ru\/wp-json\/wp\/v2\/comments?post=30182"}],"version-history":[{"count":2,"href":"https:\/\/angro.globos.md\/ru\/wp-json\/wp\/v2\/product\/30182\/revisions"}],"predecessor-version":[{"id":32855,"href":"https:\/\/angro.globos.md\/ru\/wp-json\/wp\/v2\/product\/30182\/revisions\/32855"}],"wp:featuredmedia":[{"embeddable":true,"href":"https:\/\/angro.globos.md\/ru\/wp-json\/wp\/v2\/media\/30183"}],"wp:attachment":[{"href":"https:\/\/angro.globos.md\/ru\/wp-json\/wp\/v2\/media?parent=30182"}],"wp:term":[{"taxonomy":"product_brand","embeddable":true,"href":"https:\/\/angro.globos.md\/ru\/wp-json\/wp\/v2\/product_brand?post=30182"},{"taxonomy":"product_cat","embeddable":true,"href":"https:\/\/angro.globos.md\/ru\/wp-json\/wp\/v2\/product_cat?post=30182"},{"taxonomy":"product_tag","embeddable":true,"href":"https:\/\/angro.globos.md\/ru\/wp-json\/wp\/v2\/product_tag?post=30182"}],"curies":[{"name":"wp","href":"https:\/\/api.w.org\/{rel}","templated":true}]}}