{"id":9871,"date":"2024-07-01T13:26:12","date_gmt":"2024-07-01T13:26:12","guid":{"rendered":"https:\/\/angro.globos.md\/product\/balon-din-folie-cerc-bride-to-be-45-cm-18-cu-floricele\/"},"modified":"2025-11-17T11:34:23","modified_gmt":"2025-11-17T11:34:23","slug":"balon-din-folie-cerc-bride-to-be-45-cm-18-cu-floricele","status":"publish","type":"product","link":"https:\/\/angro.globos.md\/ru\/product\/balon-din-folie-cerc-bride-to-be-45-cm-18-cu-floricele\/","title":{"rendered":"\u0424\u043e\u043b\u044c\u0433\u0438\u0440\u043e\u0432\u0430\u043d\u043d\u044b\u0439 \u0448\u0430\u0440 Cerc Bride \u0434\u0438\u0430\u043c\u0435\u0442\u0440\u043e\u043c 45 \u0441\u043c \u0441 \u043f\u043e\u043f\u043a\u043e\u0440\u043d\u043e\u043c"},"content":{"rendered":"<p>Captivind atentia tuturor, spectaculosul balonul din  folie va fi o alegere mai mult ca perfecta  pentru evenimentele tematice sau anivers\u0103rile copiilor, acest balon ofer\u0103 o not\u0103 juc\u0103u\u0219\u0103 \u0219i fermec\u0103toare. Realizat din folie de calitate, este perfect pentru a crea un decor plin de culoare \u0219i veselie.<\/p>","protected":false},"excerpt":{"rendered":"<p>Decora\u021bi petrecerea cu baloane din folie \u00een form\u0103 de cifr\u0103, ideale pentru nun\u021bi \u0219i anivers\u0103ri. Aceste baloane de calitate superioar\u0103 sunt impermeabile \u0219i rezistente, r\u0103m\u00e2n\u00e2nd stabile \u0219i frumoase luni de zile. Ad\u0103uga\u021bi un plus de elegan\u021b\u0103 \u0219i dispozi\u021bie bun\u0103 evenimentului dvs. Pre\u021bul indicat este pentru un balon din set.<\/p>","protected":false},"featured_media":29858,"comment_status":"open","ping_status":"closed","template":"","meta":{"_acf_changed":false,"_seopress_robots_primary_cat":"none","_seopress_titles_title":"","_seopress_titles_desc":"","_seopress_robots_index":"","inline_featured_image":false},"product_brand":[],"product_cat":[1127,415,838],"product_tag":[],"class_list":{"0":"post-9871","1":"product","2":"type-product","3":"status-publish","4":"has-post-thumbnail","6":"product_cat-cercuri-cu-imprimare","7":"product_cat-baloane-folie","8":"product_cat-folie-cu-imprimare","10":"first","11":"instock","12":"shipping-taxable","13":"product-type-simple"},"acf":[],"jetpack_sharing_enabled":true,"_links":{"self":[{"href":"https:\/\/angro.globos.md\/ru\/wp-json\/wp\/v2\/product\/9871","targetHints":{"allow":["GET"]}}],"collection":[{"href":"https:\/\/angro.globos.md\/ru\/wp-json\/wp\/v2\/product"}],"about":[{"href":"https:\/\/angro.globos.md\/ru\/wp-json\/wp\/v2\/types\/product"}],"replies":[{"embeddable":true,"href":"https:\/\/angro.globos.md\/ru\/wp-json\/wp\/v2\/comments?post=9871"}],"version-history":[{"count":2,"href":"https:\/\/angro.globos.md\/ru\/wp-json\/wp\/v2\/product\/9871\/revisions"}],"predecessor-version":[{"id":31376,"href":"https:\/\/angro.globos.md\/ru\/wp-json\/wp\/v2\/product\/9871\/revisions\/31376"}],"wp:featuredmedia":[{"embeddable":true,"href":"https:\/\/angro.globos.md\/ru\/wp-json\/wp\/v2\/media\/29858"}],"wp:attachment":[{"href":"https:\/\/angro.globos.md\/ru\/wp-json\/wp\/v2\/media?parent=9871"}],"wp:term":[{"taxonomy":"product_brand","embeddable":true,"href":"https:\/\/angro.globos.md\/ru\/wp-json\/wp\/v2\/product_brand?post=9871"},{"taxonomy":"product_cat","embeddable":true,"href":"https:\/\/angro.globos.md\/ru\/wp-json\/wp\/v2\/product_cat?post=9871"},{"taxonomy":"product_tag","embeddable":true,"href":"https:\/\/angro.globos.md\/ru\/wp-json\/wp\/v2\/product_tag?post=9871"}],"curies":[{"name":"wp","href":"https:\/\/api.w.org\/{rel}","templated":true}]}}