{"id":9933,"date":"2024-07-01T13:26:34","date_gmt":"2024-07-01T13:26:34","guid":{"rendered":"https:\/\/angro.globos.md\/product\/balon-din-folie-ursulet-pe-luna-roz-80-x-98-cm-315-x-385\/"},"modified":"2025-11-17T11:35:10","modified_gmt":"2025-11-17T11:35:10","slug":"balon-din-folie-ursulet-pe-luna-roz-80-x-98-cm-315-x-385","status":"publish","type":"product","link":"https:\/\/angro.globos.md\/ru\/product\/balon-din-folie-ursulet-pe-luna-roz-80-x-98-cm-315-x-385\/","title":{"rendered":"\u0424\u043e\u043b\u044c\u0433\u0438\u0440\u043e\u0432\u0430\u043d\u043d\u044b\u0439 \u0448\u0430\u0440 Pink Moon Teddy Bear 80 x 98 \u0441\u043c (31,5 x 38,5\u2033)"},"content":{"rendered":"<p>Captivind atentia tuturor, spectaculosul balonul din  folie va fi o alegere mai mult ca perfecta  pentru evenimentele tematice sau anivers\u0103rile copiilor, acest balon ofer\u0103 o not\u0103 juc\u0103u\u0219\u0103 \u0219i fermec\u0103toare. Realizat din folie de calitate, este perfect pentru a crea un decor plin de culoare \u0219i veselie.<\/p>","protected":false},"excerpt":{"rendered":"<p>De la mici petreceri la evenimente de amploare, baloanele vor adauga ultimele retu\u0219uri \u0219i vor transforma evenimentul \u00eentr-o experien\u021b\u0103 extraordinar\u0103. C\u00e2nd s\u0103rb\u0103tore\u0219ti aniversarea, botezul, nunta, majoratul sau orice alt\u0103 petrecere nu trebuie s\u0103 \u00ee\u021bi lipseasc\u0103 baloanele \u00een form\u0103 de liter\u0103\/cifr\u0103. Cu ajutorul baloanelor \u00een form\u0103 de liter\u0103 se pot realiza foarte u\u0219or cuvinte sau nume. Se recomand\u0103 umflarea baloanelor cu aer sau heliu.<\/p>","protected":false},"featured_media":23623,"comment_status":"open","ping_status":"closed","template":"","meta":{"_acf_changed":false,"_seopress_robots_primary_cat":"","_seopress_titles_title":"","_seopress_titles_desc":"","_seopress_robots_index":"","inline_featured_image":false},"product_brand":[],"product_cat":[415,839],"product_tag":[],"class_list":{"0":"post-9933","1":"product","2":"type-product","3":"status-publish","4":"has-post-thumbnail","6":"product_cat-baloane-folie","7":"product_cat-figuri","9":"first","10":"instock","11":"shipping-taxable","12":"product-type-simple"},"acf":[],"jetpack_sharing_enabled":true,"_links":{"self":[{"href":"https:\/\/angro.globos.md\/ru\/wp-json\/wp\/v2\/product\/9933","targetHints":{"allow":["GET"]}}],"collection":[{"href":"https:\/\/angro.globos.md\/ru\/wp-json\/wp\/v2\/product"}],"about":[{"href":"https:\/\/angro.globos.md\/ru\/wp-json\/wp\/v2\/types\/product"}],"replies":[{"embeddable":true,"href":"https:\/\/angro.globos.md\/ru\/wp-json\/wp\/v2\/comments?post=9933"}],"version-history":[{"count":2,"href":"https:\/\/angro.globos.md\/ru\/wp-json\/wp\/v2\/product\/9933\/revisions"}],"predecessor-version":[{"id":31438,"href":"https:\/\/angro.globos.md\/ru\/wp-json\/wp\/v2\/product\/9933\/revisions\/31438"}],"wp:featuredmedia":[{"embeddable":true,"href":"https:\/\/angro.globos.md\/ru\/wp-json\/wp\/v2\/media\/23623"}],"wp:attachment":[{"href":"https:\/\/angro.globos.md\/ru\/wp-json\/wp\/v2\/media?parent=9933"}],"wp:term":[{"taxonomy":"product_brand","embeddable":true,"href":"https:\/\/angro.globos.md\/ru\/wp-json\/wp\/v2\/product_brand?post=9933"},{"taxonomy":"product_cat","embeddable":true,"href":"https:\/\/angro.globos.md\/ru\/wp-json\/wp\/v2\/product_cat?post=9933"},{"taxonomy":"product_tag","embeddable":true,"href":"https:\/\/angro.globos.md\/ru\/wp-json\/wp\/v2\/product_tag?post=9933"}],"curies":[{"name":"wp","href":"https:\/\/api.w.org\/{rel}","templated":true}]}}