{"id":9961,"date":"2024-07-01T13:26:45","date_gmt":"2024-07-01T13:26:45","guid":{"rendered":"https:\/\/angro.globos.md\/product\/ghirlanda-din-hartie-sirena-165-m-irizat\/"},"modified":"2025-11-17T11:35:32","modified_gmt":"2025-11-17T11:35:32","slug":"ghirlanda-din-hartie-sirena-165-m-irizat","status":"publish","type":"product","link":"https:\/\/angro.globos.md\/ru\/product\/ghirlanda-din-hartie-sirena-165-m-irizat\/","title":{"rendered":"\u0413\u0438\u0440\u043b\u044f\u043d\u0434\u0430-\u0444\u043b\u0430\u0436\u043a\u0438 \u0420\u0443\u0441\u0430\u043b\u043a\u0438 1,65 \u043c \u043f\u0435\u0440\u043b\u0430\u043c\u0443\u0442\u0440\u043e\u0432\u0430\u044f"},"content":{"rendered":"<p>Ploi\u021ba decorativ\u0103, banerele \u0219i ghirlandele din h\u00eertie  ne ofer\u0103 minunata posibilitate de a decora zona pentru poze sau \u00eenc\u0103perea unde urmeaz\u0103 un eveniment. Gama larg\u0103 \u0219i asortimentul divers cu tematicile zilei de na\u0219tere, gender party sau pentru oricare alt\u0103 s\u0103rb\u0103toare. Decora\u021bia care ofer\u0103 evenimentului un farmec deosebit \u0219i creeaz\u0103 o atmosfer\u0103 care r\u0103m\u00eene \u0103n amintire pentru mult timp.<\/p>","protected":false},"excerpt":{"rendered":"<p>De la mici petreceri la evenimente de amploare, baloanele vor adauga ultimele retu\u0219uri \u0219i vor transforma evenimentul \u00eentr-o experien\u021b\u0103 extraordinar\u0103. C\u00e2nd s\u0103rb\u0103tore\u0219ti aniversarea, botezul, nunta, majoratul sau orice alt\u0103 petrecere nu trebuie s\u0103 \u00ee\u021bi lipseasc\u0103 baloanele \u00een form\u0103 de liter\u0103\/cifr\u0103. Cu ajutorul baloanelor \u00een form\u0103 de liter\u0103 se pot realiza foarte u\u0219or cuvinte sau nume. Se recomand\u0103 umflarea baloanelor cu aer sau heliu.<\/p>","protected":false},"featured_media":23650,"comment_status":"open","ping_status":"closed","template":"","meta":{"_acf_changed":false,"_seopress_robots_primary_cat":"","_seopress_titles_title":"","_seopress_titles_desc":"","_seopress_robots_index":"","inline_featured_image":false},"product_brand":[],"product_cat":[891,936],"product_tag":[],"class_list":{"0":"post-9961","1":"product","2":"type-product","3":"status-publish","4":"has-post-thumbnail","6":"product_cat-articole-de-sarbatori","7":"product_cat-ghirlande-si-banere","9":"first","10":"instock","11":"shipping-taxable","12":"product-type-simple"},"acf":[],"jetpack_sharing_enabled":true,"_links":{"self":[{"href":"https:\/\/angro.globos.md\/ru\/wp-json\/wp\/v2\/product\/9961","targetHints":{"allow":["GET"]}}],"collection":[{"href":"https:\/\/angro.globos.md\/ru\/wp-json\/wp\/v2\/product"}],"about":[{"href":"https:\/\/angro.globos.md\/ru\/wp-json\/wp\/v2\/types\/product"}],"replies":[{"embeddable":true,"href":"https:\/\/angro.globos.md\/ru\/wp-json\/wp\/v2\/comments?post=9961"}],"version-history":[{"count":3,"href":"https:\/\/angro.globos.md\/ru\/wp-json\/wp\/v2\/product\/9961\/revisions"}],"predecessor-version":[{"id":31466,"href":"https:\/\/angro.globos.md\/ru\/wp-json\/wp\/v2\/product\/9961\/revisions\/31466"}],"wp:featuredmedia":[{"embeddable":true,"href":"https:\/\/angro.globos.md\/ru\/wp-json\/wp\/v2\/media\/23650"}],"wp:attachment":[{"href":"https:\/\/angro.globos.md\/ru\/wp-json\/wp\/v2\/media?parent=9961"}],"wp:term":[{"taxonomy":"product_brand","embeddable":true,"href":"https:\/\/angro.globos.md\/ru\/wp-json\/wp\/v2\/product_brand?post=9961"},{"taxonomy":"product_cat","embeddable":true,"href":"https:\/\/angro.globos.md\/ru\/wp-json\/wp\/v2\/product_cat?post=9961"},{"taxonomy":"product_tag","embeddable":true,"href":"https:\/\/angro.globos.md\/ru\/wp-json\/wp\/v2\/product_tag?post=9961"}],"curies":[{"name":"wp","href":"https:\/\/api.w.org\/{rel}","templated":true}]}}