{"id":9996,"date":"2024-07-01T13:26:59","date_gmt":"2024-07-01T13:26:59","guid":{"rendered":"https:\/\/angro.globos.md\/product\/tun-confetti-cu-fluture-albe-40-cm\/"},"modified":"2025-11-17T11:35:59","modified_gmt":"2025-11-17T11:35:59","slug":"tun-confetti-cu-fluture-albe-40-cm","status":"publish","type":"product","link":"https:\/\/angro.globos.md\/ru\/product\/tun-confetti-cu-fluture-albe-40-cm\/","title":{"rendered":"\u041a\u043e\u043d\u0444\u0435\u0442\u0442\u0438-\u043f\u0443\u0448\u043a\u0430 \u0441 \u0431\u0430\u0431\u043e\u0447\u043a\u0430\u043c\u0438 \u0431\u0435\u043b\u044b\u0435 40 \u0441\u043c"},"content":{"rendered":"<p>Tunurile cu confeti sunt exact accesoriile potrivite pentru a marca momentele importante dintr-un eveniment. U\u0219or declan\u0219\u00eend-o aceasta creeaz\u0103 o ploaie spectaculoas\u0103 de culori. Potrivite pentru orice petrecere transform\u0103 fiecare clip\u0103 \u00eentr-o adev\u0103rat\u0103 s\u0103rb\u0103toare cu un efect vizual de neuitat. Ele sunt alegerea perfecta pentru un \u00eenceput plin de voie bun\u0103 \u0219i dispozi\u021bie.<\/p>","protected":false},"excerpt":{"rendered":"<p>De la mici petreceri la evenimente de amploare, baloanele vor adauga ultimele retu\u0219uri \u0219i vor transforma evenimentul \u00eentr-o experien\u021b\u0103 extraordinar\u0103. C\u00e2nd s\u0103rb\u0103tore\u0219ti aniversarea, botezul, nunta, majoratul sau orice alt\u0103 petrecere nu trebuie s\u0103 \u00ee\u021bi lipseasc\u0103 baloanele \u00een form\u0103 de liter\u0103\/cifr\u0103. Cu ajutorul baloanelor \u00een form\u0103 de liter\u0103 se pot realiza foarte u\u0219or cuvinte sau nume. Se recomand\u0103 umflarea baloanelor cu aer sau heliu.<\/p>","protected":false},"featured_media":23684,"comment_status":"open","ping_status":"closed","template":"","meta":{"_acf_changed":false,"_seopress_robots_primary_cat":"","_seopress_titles_title":"","_seopress_titles_desc":"","_seopress_robots_index":"","inline_featured_image":false},"product_brand":[],"product_cat":[891,892],"product_tag":[],"class_list":{"0":"post-9996","1":"product","2":"type-product","3":"status-publish","4":"has-post-thumbnail","6":"product_cat-articole-de-sarbatori","7":"product_cat-confetti-si-tunuri-confetti","9":"first","10":"instock","11":"shipping-taxable","12":"product-type-simple"},"acf":[],"jetpack_sharing_enabled":true,"_links":{"self":[{"href":"https:\/\/angro.globos.md\/ru\/wp-json\/wp\/v2\/product\/9996","targetHints":{"allow":["GET"]}}],"collection":[{"href":"https:\/\/angro.globos.md\/ru\/wp-json\/wp\/v2\/product"}],"about":[{"href":"https:\/\/angro.globos.md\/ru\/wp-json\/wp\/v2\/types\/product"}],"replies":[{"embeddable":true,"href":"https:\/\/angro.globos.md\/ru\/wp-json\/wp\/v2\/comments?post=9996"}],"version-history":[{"count":3,"href":"https:\/\/angro.globos.md\/ru\/wp-json\/wp\/v2\/product\/9996\/revisions"}],"predecessor-version":[{"id":31501,"href":"https:\/\/angro.globos.md\/ru\/wp-json\/wp\/v2\/product\/9996\/revisions\/31501"}],"wp:featuredmedia":[{"embeddable":true,"href":"https:\/\/angro.globos.md\/ru\/wp-json\/wp\/v2\/media\/23684"}],"wp:attachment":[{"href":"https:\/\/angro.globos.md\/ru\/wp-json\/wp\/v2\/media?parent=9996"}],"wp:term":[{"taxonomy":"product_brand","embeddable":true,"href":"https:\/\/angro.globos.md\/ru\/wp-json\/wp\/v2\/product_brand?post=9996"},{"taxonomy":"product_cat","embeddable":true,"href":"https:\/\/angro.globos.md\/ru\/wp-json\/wp\/v2\/product_cat?post=9996"},{"taxonomy":"product_tag","embeddable":true,"href":"https:\/\/angro.globos.md\/ru\/wp-json\/wp\/v2\/product_tag?post=9996"}],"curies":[{"name":"wp","href":"https:\/\/api.w.org\/{rel}","templated":true}]}}